{"id":1561,"date":"2020-03-30T13:08:20","date_gmt":"2020-03-30T13:08:20","guid":{"rendered":"https:\/\/espaco7rios.com\/?page_id=1561"},"modified":"2020-04-07T12:27:04","modified_gmt":"2020-04-07T12:27:04","slug":"comercio","status":"publish","type":"page","link":"https:\/\/espaco7rios.com\/en\/english\/comercio\/","title":{"rendered":"Retail"},"content":{"rendered":"<p>[vc_row css=&#8221;.vc_custom_1511178027038{margin-bottom: 0px !important;}&#8221;][vc_column][vc_column_text]17 Available spaces, with a total area of 2.700 sqm GLA, intended for retail and convenience services, like catering, pharmacy, optics, laundry, stationery, decoration, among many others.[\/vc_column_text]<div class=\"clearboth\"><\/div><div class=\"gem-divider \" style=\"margin-top: 40px;\"><\/div><div class=\"bruno-custom-inline-css\"><style>#ihwt-hotspoted-image69fbdf5c79b69 .ihwt-hotspot-wrapper .HotspotPlugin_Hotspot:not(.ihwtHotspotImageMarker):after { background: #ffffff;}<\/style><\/div><div id=\"ihwt-hotspoted-image69fbdf5c79b69\" class=\"ihwt-hotspot-wrapper-wrapper\"><div class=\"ihwt-hotspot-wrapper\"  data-hotspot-content=\"%5B%7B%22index%22%3A2%2C%22x%22%3A56.132594437010816%2C%22y%22%3A39.82158292367004%2C%22Title%22%3A%22Store%201.11%22%2C%22Message%22%3A%22168%2C77%C2%A0sqm%22%7D%2C%7B%22index%22%3A3%2C%22x%22%3A62.538363349591386%2C%22y%22%3A31.919060052219322%2C%22Title%22%3A%22Store%201.10%22%2C%22Message%22%3A%22205%2C56%C2%A0sqm%22%7D%2C%7B%22index%22%3A10%2C%22x%22%3A66.79557111820903%2C%22y%22%3A37.41078986822781%2C%22Title%22%3A%22Store%201.09%22%2C%22Message%22%3A%2236%2C05%C2%A0sqm%22%7D%2C%7B%22index%22%3A11%2C%22x%22%3A72.46469178032919%2C%22y%22%3A36.279376555360635%2C%22Title%22%3A%22Store%201.08%22%2C%22Message%22%3A%2247%2C95%20sqm%22%7D%2C%7B%22index%22%3A12%2C%22x%22%3A79.8588030904696%2C%22y%22%3A36.36640344525131%2C%22Title%22%3A%22Store%201.07%22%2C%22Message%22%3A%2247%2C97%C2%A0sqm%22%7D%2C%7B%22index%22%3A13%2C%22x%22%3A85.00920360698665%2C%22y%22%3A35.40904391216547%2C%22Title%22%3A%22Store%201.06%22%2C%22Message%22%3A%2235%2C05%C2%A0sqm%22%7D%2C%7B%22index%22%3A14%2C%22x%22%3A91.08041443657919%2C%22y%22%3A35.670140517909594%2C%22Title%22%3A%22Store%201.04%2F1.05%22%2C%22Message%22%3A%22286%2C98%C2%A0sqm%22%7D%2C%7B%22index%22%3A15%2C%22x%22%3A66.20933012848181%2C%22y%22%3A60.522190024273826%2C%22Title%22%3A%22Store%201.13%22%2C%22Message%22%3A%22106%2C46%C2%A0sqm%22%7D%2C%7B%22index%22%3A16%2C%22x%22%3A72.64579646495166%2C%22y%22%3A58.35074083612108%2C%22Title%22%3A%22Store%201.14%22%2C%22Message%22%3A%2254%2C87%C2%A0sqm%22%7D%2C%7B%22index%22%3A17%2C%22x%22%3A80.18108670004605%2C%22y%22%3A58.09399477806788%2C%22Title%22%3A%22Store%201.15%22%2C%22Message%22%3A%2288%2C86%C2%A0sqm%22%7D%2C%7B%22index%22%3A18%2C%22x%22%3A90.1074263711441%2C%22y%22%3A58.7032148794468%2C%22Title%22%3A%22Store%201.03%22%2C%22Message%22%3A%2277%2C30%C2%A0sqm%22%7D%2C%7B%22index%22%3A19%2C%22x%22%3A18.391646074326655%2C%22y%22%3A86.8755489976848%2C%22Title%22%3A%22Store%201.17%22%2C%22Message%22%3A%22239%2C10%20sqm%20%7C%20PRE-BOOKING%5Cn%22%7D%5D\"  data-action=\"hover\" ><div class=\"ihwt-hotspot-image-cover  ihwt-action-hover\"><img src=\"https:\/\/espaco7rios.com\/wp-content\/uploads\/2020\/04\/espacoamoreirasplanta.png\" width=\"833\" height=\"588\"\/><\/div><\/div><\/div>[vc_empty_space][\/vc_column][\/vc_row][vc_row][vc_column][vc_images_carousel images=&#8221;1633,1634,1635&#8243; img_size=&#8221;full&#8221; partial_view=&#8221;yes&#8221; wrap=&#8221;yes&#8221;][\/vc_column][\/vc_row][vc_row css=&#8221;.vc_custom_1511178027038{margin-bottom: 0px !important;}&#8221;][vc_column]<div class=\"clearboth\"><\/div><div class=\"gem-divider \" style=\"margin-top: 90px;\"><\/div>[\/vc_column][\/vc_row][vc_row full_width=&#8221;stretch_row&#8221; disable_element=&#8221;yes&#8221; css=&#8221;.vc_custom_1578658771710{margin-bottom: 0px !important;background-color: #fbba00 !important;}&#8221;][vc_column]<div class=\"clearboth\"><\/div><div class=\"gem-divider \" style=\"margin-top: 90px;\"><\/div>[\/vc_column][\/vc_row][vc_row disable_element=&#8221;yes&#8221; css=&#8221;.vc_custom_1578658776092{margin-bottom: 0px !important;}&#8221;][vc_column]<div class=\"clearboth\"><\/div><div class=\"gem-divider \" style=\"margin-top: 90px;\"><\/div>[\/vc_column][\/vc_row][vc_row disable_element=&#8221;yes&#8221;][vc_column width=&#8221;1\/2&#8243;][vc_column_text css=&#8221;.vc_custom_1578316033681{margin-top: -7px !important;}&#8221;]<\/p>\n<div class=\"title-h2\" style=\"text-align: left; margin-bottom: 25px;\">EVENTOS<\/div>\n<div style=\"width: 55px; height: 3px; background: #fbc300; text-indent: 9999px;\">1<\/div>\n<p>[\/vc_column_text][vc_column_text]O \u00e1trio principal, com mais de 300 sqm, est\u00e1 dispon\u00edvel para eventos e a\u00e7\u00f5es comerciais. Caso pretenda um or\u00e7amento, entre em contacto connosco atrav\u00e9s do email comercial@espaco7rios.com ou pelo telefone 213 600 070.<\/p>\n<p>Para eventos no Audit\u00f3rio, contacte por favor o LEAP atrav\u00e9s do email info@leap.pt ou pelo telefone 210 415 920. [\/vc_column_text][\/vc_column][vc_column width=&#8221;1\/2&#8243;][vc_single_image image=&#8221;1326&#8243; img_size=&#8221;full&#8221; css_animation=&#8221;fadeIn&#8221;][\/vc_column][\/vc_row][vc_row css=&#8221;.vc_custom_1511178027038{margin-bottom: 0px !important;}&#8221;][vc_column]<div class=\"clearboth\"><\/div><div class=\"gem-divider \" style=\"margin-top: 90px;\"><\/div>[\/vc_column][\/vc_row]<\/p>\n","protected":false},"excerpt":{"rendered":"<p>[vc_row css=&#8221;.vc_custom_1511178027038{margin-bottom: 0px !important;}&#8221;][vc_column][vc_column_text]17 Available spaces, with a total area of 2.700 sqm GLA, intended for retail and convenience services,&#8230;<\/p>\n","protected":false},"author":1,"featured_media":0,"parent":1661,"menu_order":1010,"comment_status":"closed","ping_status":"closed","template":"","meta":[],"_links":{"self":[{"href":"https:\/\/espaco7rios.com\/en\/wp-json\/wp\/v2\/pages\/1561"}],"collection":[{"href":"https:\/\/espaco7rios.com\/en\/wp-json\/wp\/v2\/pages"}],"about":[{"href":"https:\/\/espaco7rios.com\/en\/wp-json\/wp\/v2\/types\/page"}],"author":[{"embeddable":true,"href":"https:\/\/espaco7rios.com\/en\/wp-json\/wp\/v2\/users\/1"}],"replies":[{"embeddable":true,"href":"https:\/\/espaco7rios.com\/en\/wp-json\/wp\/v2\/comments?post=1561"}],"version-history":[{"count":20,"href":"https:\/\/espaco7rios.com\/en\/wp-json\/wp\/v2\/pages\/1561\/revisions"}],"predecessor-version":[{"id":1680,"href":"https:\/\/espaco7rios.com\/en\/wp-json\/wp\/v2\/pages\/1561\/revisions\/1680"}],"up":[{"embeddable":true,"href":"https:\/\/espaco7rios.com\/en\/wp-json\/wp\/v2\/pages\/1661"}],"wp:attachment":[{"href":"https:\/\/espaco7rios.com\/en\/wp-json\/wp\/v2\/media?parent=1561"}],"curies":[{"name":"wp","href":"https:\/\/api.w.org\/{rel}","templated":true}]}}