{"id":1610,"date":"2020-03-30T16:22:06","date_gmt":"2020-03-30T16:22:06","guid":{"rendered":"https:\/\/espaco7rios.com\/?page_id=1610"},"modified":"2020-04-03T18:37:12","modified_gmt":"2020-04-03T18:37:12","slug":"contactos","status":"publish","type":"page","link":"https:\/\/espaco7rios.com\/en\/english\/contactos\/","title":{"rendered":"Contacts"},"content":{"rendered":"<p>[vc_row full_width=&#8221;stretch_row&#8221; css=&#8221;.vc_custom_1583319302759{margin-top: 0px !important;margin-bottom: 0px !important;padding-top: 100px !important;padding-bottom: 70px !important;background-color: #eaeaea !important;background-position: center !important;background-repeat: no-repeat !important;background-size: cover !important;}&#8221;][vc_column css=&#8221;.vc_custom_1511274007858{margin-bottom: 0px !important;padding-bottom: 0px !important;}&#8221;][vc_column_text]<\/p>\n<div class=\"title-h2\" style=\"text-align: center; margin-bottom: 20px;\"><span style=\"color: #2c2c2c;\">Contact us<br \/>\n<\/span><\/div>\n<div style=\"width: 55px; height: 3px; background: #fbc300; margin: 0 auto; text-indent: 9999px;\">1<\/div>\n<p>[\/vc_column_text]<div class=\"clearboth\"><\/div><div class=\"gem-divider \" style=\"margin-top: 80px;\"><\/div><div role=\"form\" class=\"wpcf7\" id=\"wpcf7-f1612-o1\" lang=\"en-US\" dir=\"ltr\">\n<div class=\"screen-reader-response\"><p role=\"status\" aria-live=\"polite\" aria-atomic=\"true\"><\/p> <ul><\/ul><\/div>\n<form action=\"\/en\/wp-json\/wp\/v2\/pages\/1610#wpcf7-f1612-o1\" method=\"post\" class=\"wpcf7-form init gem-contact-form-white\" novalidate=\"novalidate\" data-status=\"init\">\n<div style=\"display: none;\">\n<input type=\"hidden\" name=\"_wpcf7\" value=\"1612\" \/>\n<input type=\"hidden\" name=\"_wpcf7_version\" value=\"5.5.6\" \/>\n<input type=\"hidden\" name=\"_wpcf7_locale\" value=\"en_US\" \/>\n<input type=\"hidden\" name=\"_wpcf7_unit_tag\" value=\"wpcf7-f1612-o1\" \/>\n<input type=\"hidden\" name=\"_wpcf7_container_post\" value=\"0\" \/>\n<input type=\"hidden\" name=\"_wpcf7_posted_data_hash\" value=\"\" \/>\n<\/div>\n<style>\n.contact-text {\nmargin: 0 20px 0 20px;\npadding: 3px 10px;\nbackground-color: #fff;\nwidth: 96.5%;\n<\/style>\n<div>\n<p class=\"col-md-6 cf-style3-name\"><span class=\"wpcf7-form-control-wrap your-name\"><input type=\"text\" name=\"your-name\" value=\"\" size=\"40\" class=\"wpcf7-form-control wpcf7-text wpcf7-validates-as-required\" aria-required=\"true\" aria-invalid=\"false\" placeholder=\"Name* (First and Last name)\" \/><\/span><\/p>\n<p class=\"col-md-6 cf-style3-email\"><span class=\"wpcf7-form-control-wrap your-email\"><input type=\"email\" name=\"your-email\" value=\"\" size=\"40\" class=\"wpcf7-form-control wpcf7-text wpcf7-email wpcf7-validates-as-required wpcf7-validates-as-email\" aria-required=\"true\" aria-invalid=\"false\" placeholder=\"Email*\" \/><\/span><\/p>\n<p class=\"col-md-6 cf-style3-name\"><span class=\"wpcf7-form-control-wrap your-phone\"><input type=\"text\" name=\"your-phone\" value=\"\" size=\"40\" class=\"wpcf7-form-control wpcf7-text\" aria-invalid=\"false\" placeholder=\"Telephone contact (optional)\" \/><\/span><\/p>\n<p class=\"col-md-6 cf-style3-email cf-style3-radio\"><span class=\"wpcf7-form-control-wrap tipo\"><span class=\"wpcf7-form-control wpcf7-radio\" id=\"formtipo\"><span class=\"wpcf7-list-item first\"><label><span class=\"wpcf7-list-item-label\">Company<\/span><input type=\"radio\" name=\"tipo\" value=\"Company\" checked=\"checked\" \/><\/label><\/span><span class=\"wpcf7-list-item last\"><label><span class=\"wpcf7-list-item-label\">Particular<\/span><input type=\"radio\" name=\"tipo\" value=\"Particular\" \/><\/label><\/span><\/span><\/span><\/p>\n<p class=\"col-md-6 cf-style3-name\"><span class=\"wpcf7-form-control-wrap your-subject\"><input type=\"text\" name=\"your-subject\" value=\"\" size=\"40\" class=\"wpcf7-form-control wpcf7-text wpcf7-validates-as-required\" aria-required=\"true\" aria-invalid=\"false\" placeholder=\"Subject*\" \/><\/span><\/p>\n<p class=\"col-md-6 cf-style3-email\" id=\"form-empresa\"><span class=\"wpcf7-form-control-wrap your-company\"><input type=\"text\" name=\"your-company\" value=\"\" size=\"40\" class=\"wpcf7-form-control wpcf7-text\" aria-invalid=\"false\" placeholder=\"Company name\" \/><\/span><\/p>\n<p class=\"col-md-12\"><span class=\"wpcf7-form-control-wrap your-message\"><textarea name=\"your-message\" cols=\"40\" rows=\"10\" class=\"wpcf7-form-control wpcf7-textarea wpcf7-validates-as-required\" aria-required=\"true\" aria-invalid=\"false\" placeholder=\"Message\"><\/textarea><\/span><\/p>\n<p class=\"col-md-12 contact-text\"><span class=\"wpcf7-form-control-wrap acceptance-121\"><span class=\"wpcf7-form-control wpcf7-acceptance\"><span class=\"wpcf7-list-item\"><label><input type=\"checkbox\" name=\"acceptance-121\" value=\"1\" aria-invalid=\"false\" \/><span class=\"wpcf7-list-item-label\">I agree with the <a href=\"\/en\/termos-condicoes\" target=\"_blank\">Terms & Conditions and the Privacy Policy<\/a><\/span><\/label><\/span><\/span><\/span><\/p>\n<p class=\"col-md-12 \">* - Required Field<\/span><\/p>\n<div class=\"gem-button-container gem-button-position-center\"><input class=\"gem-button gem-button-size-small gem-button-style-flat gem-button-text-weight-normal wpcf7-form-control wpcf7-submit gem-button-wpcf-custom\" style=\"border-radius: 3px;background-color: #fbcf00;color: #1f1f1f;\" onmouseleave=\"this.style.backgroundColor='#fbcf00';this.style.color='#1f1f1f';\" onmouseenter=\"this.style.backgroundColor='#1f1f1f';this.style.color='#fbcf00';\" id=\"\" tabindex=\"\" type=\"submit\" value=\"Submit\" \/><\/div>\n<\/div>\n<div class=\"wpcf7-response-output\" aria-hidden=\"true\"><\/div><\/form><\/div><div class=\"clearboth\"><\/div><div class=\"gem-divider \" style=\"margin-top: 25px;\"><\/div>[\/vc_column][\/vc_row][vc_row disable_element=&#8221;yes&#8221;][vc_column width=&#8221;1\/3&#8243;]<div class=\"gem-textbox centered-box\" ><div class=\"gem-textbox-inner\" style=\"border: 2px solid #ededed;\"><div class=\"gem-textbox-content\" style=\"background-position: center top;\"><div class=\"clearboth\"><\/div><div class=\"gem-divider \" style=\"margin-top: 50px;\"><\/div><div class=\"centered-box\"><div class=\"gem-icon gem-icon-pack-elegant gem-icon-size-medium  gem-icon-shape-square gem-simple-icon\" style=\"opacity: 1;\"><div class=\"gem-icon-inner\" style=\"\"><span class=\"gem-icon-half-1\" style=\"color: #ffc601;\"><span class=\"back-angle\">&#xe01d;<\/span><\/span><span class=\"gem-icon-half-2\" style=\"color: #ffc601;\"><span class=\"back-angle\">&#xe01d;<\/span><\/span><\/div><\/div><\/div><div class=\"clearboth\"><\/div><div class=\"gem-divider \" style=\"margin-top: 60px;\"><\/div>[vc_column_text]<\/p>\n<div class=\"title-h5\">MORADA<\/div>\n<p>[\/vc_column_text]<div class=\"clearboth\"><\/div><div class=\"gem-divider \" style=\"margin-top: -10px;\"><\/div>[vc_column_text]Espa\u00e7o 7Rios<br \/>\nCentro Empresarial e Comercial<br \/>\nRua de Campolide, n\u00ba 351<br \/>\n1070-034 Lisboa<\/p>\n<p><a href=\"https:\/\/goo.gl\/maps\/gWr1rjXRxbSsGaBF8\" target=\"_blank\" rel=\"noopener noreferrer\">Ver mapa<\/a>[\/vc_column_text]<div class=\"clearboth\"><\/div><div class=\"gem-divider \" style=\"margin-top: 10px;\"><\/div><\/div><\/div><\/div>[\/vc_column][vc_column width=&#8221;1\/3&#8243;]<div class=\"gem-textbox centered-box\" ><div class=\"gem-textbox-inner\" style=\"border: 2px solid #ededed;\"><div class=\"gem-textbox-content\" style=\"background-position: center top;\"><div class=\"clearboth\"><\/div><div class=\"gem-divider \" style=\"margin-top: 50px;\"><\/div><div class=\"centered-box\"><div class=\"gem-icon gem-icon-pack-elegant gem-icon-size-medium  gem-icon-shape-square gem-simple-icon\" style=\"opacity: 1;\"><div class=\"gem-icon-inner\" style=\"\"><span class=\"gem-icon-half-1\" style=\"color: #ffc601;\"><span class=\"back-angle\">&#x7d;<\/span><\/span><span class=\"gem-icon-half-2\" style=\"color: #ffc601;\"><span class=\"back-angle\">&#x7d;<\/span><\/span><\/div><\/div><\/div><div class=\"clearboth\"><\/div><div class=\"gem-divider \" style=\"margin-top: 60px;\"><\/div>[vc_column_text]<\/p>\n<div class=\"title-h5\">HOR\u00c1RIOS<\/div>\n<p>[\/vc_column_text]<div class=\"clearboth\"><\/div><div class=\"gem-divider \" style=\"margin-top: -10px;\"><\/div>[vc_column_text]<strong>Funcionamento:<br \/>\n<\/strong>Seg. &#8211; Dom. | 07h0 \u00e0s 23h00<\/p>\n<p><strong>Parque de estacionamento:<br \/>\n<\/strong>Seg. &#8211; Dom. | 24H[\/vc_column_text]<div class=\"clearboth\"><\/div><div class=\"gem-divider \" style=\"margin-top: 10px;\"><\/div><\/div><\/div><\/div>[\/vc_column][vc_column width=&#8221;1\/3&#8243;]<div class=\"gem-textbox centered-box\" ><div class=\"gem-textbox-inner\" style=\"border: 2px solid #ededed;\"><div class=\"gem-textbox-content\" style=\"background-position: center top;\"><div class=\"clearboth\"><\/div><div class=\"gem-divider \" style=\"margin-top: 50px;\"><\/div><div class=\"centered-box\"><div class=\"gem-icon gem-icon-pack-elegant gem-icon-size-medium  gem-icon-shape-square gem-simple-icon\" style=\"opacity: 1;\"><div class=\"gem-icon-inner\" style=\"\"><span class=\"gem-icon-half-1\" style=\"color: #ffc601;\"><span class=\"back-angle\">&#xe0fd;<\/span><\/span><span class=\"gem-icon-half-2\" style=\"color: #ffc601;\"><span class=\"back-angle\">&#xe0fd;<\/span><\/span><\/div><\/div><\/div><div class=\"clearboth\"><\/div><div class=\"gem-divider \" style=\"margin-top: 60px;\"><\/div>[vc_column_text]<\/p>\n<div class=\"title-h5\">COMO CHEGAR<\/div>\n<p>[\/vc_column_text]<div class=\"clearboth\"><\/div><div class=\"gem-divider \" style=\"margin-top: -10px;\"><\/div>[vc_column_text]<\/p>\n<div class=\"wpb_text_column wpb_content_element \">\n<div class=\"wpb_wrapper\">\n<p><strong><u>Autocarros<br \/>\n<\/u><\/strong>202 \/ 701 \/ 758 \/ 770 \/ 716 \/ 726 \/ 731 \/ 746 \/ 754 \/ 768<\/p>\n<p><strong><u>Metro<br \/>\n<\/u><\/strong>Linha Azul \/ Esta\u00e7\u00e3o Jardim Zool\u00f3gico<\/p>\n<p><strong><u>Comboio<br \/>\n<\/u><\/strong>Linha do Norte \/ Linha do Sul \/ Linha de Sinta \/ Linha da Azambuja<\/p>\n<p><strong><u>Carro<br \/>\n<\/u><\/strong>Acessos por: Eixo Norte-Sul, Av. Gen. Correia Barreto, Av. Jos\u00e9 Malhoa, Av. Calouste Gulbenkian, Pra\u00e7a de Espanha<\/p>\n<p><a href=\"https:\/\/moovitapp.com\/lisboa-2460\/poi\/Twin%20Towers\/t\/pt?tll=38.738554_-9.167738&amp;customerId=4908&amp;ref=1&amp;poiType=efsite\" target=\"_blank\" rel=\"noopener noreferrer\">Calcule o seu percurso<\/a><\/p>\n<\/div>\n<\/div>\n<p>[\/vc_column_text]<div class=\"clearboth\"><\/div><div class=\"gem-divider \" style=\"margin-top: 10px;\"><\/div><\/div><\/div><\/div>[\/vc_column][\/vc_row][vc_row full_width=&#8221;stretch_row_content_no_spaces&#8221; el_id=&#8221;googlemap&#8221;][vc_column]<div class=\"gem-map-with-text\"><div class=\"gem-map-with-text-content\" style=\"\"><\/div><div class=\"gem-map-with-text-map\">[vc_gmaps link=\"#E-8_JTNDaWZyYW1lJTIwc3JjJTNEJTIyaHR0cHMlM0ElMkYlMkZ3d3cuZ29vZ2xlLmNvbSUyRm1hcHMlMkZkJTJGdSUyRjAlMkZlbWJlZCUzRm1pZCUzRDFWS1l1eExOVEFjZlpSTG4xOVh1NC05RmFpV2hQTnB1SCUyNnolM0QxMyUyMiUyMHdpZHRoJTNEJTIyMTAwJTI1JTIyJTIwaGVpZ2h0JTNEJTIyNTAwJTIyJTNFJTNDJTJGaWZyYW1lJTNF\" size=\"546\" disable_scroll=\"\"]<\/div><\/div>[\/vc_column][\/vc_row][vc_row full_width=&#8221;stretch_row_content_no_spaces&#8221; disable_element=&#8221;yes&#8221; css=&#8221;.vc_custom_1579523995150{margin-top: 0px !important;margin-bottom: 0px !important;padding-top: 0px !important;padding-bottom: 0px !important;background-position: center !important;background-repeat: no-repeat !important;background-size: cover !important;}&#8221;][vc_column css=&#8221;.vc_custom_1511274031145{margin-top: 0px !important;margin-bottom: 0px !important;padding-top: 0px !important;padding-bottom: 0px !important;}&#8221;]<div id=\"fullwidth-block-69fbdf5801557\" class=\"fullwidth-block clearfix\"  style=\"background-color: #fbba00;padding-top: 100px;padding-bottom: 60px;\"><script type=\"text\/javascript\">if (typeof(gem_fix_fullwidth_position) == \"function\") { gem_fix_fullwidth_position(document.getElementById(\"fullwidth-block-69fbdf5801557\")); }<\/script><div class=\"fullwidth-block-inner\"><div class=\"container\">[vc_row_inner disable_element=&#8221;yes&#8221;][vc_column_inner width=&#8221;2\/3&#8243;][vc_column_text]<\/p>\n<div class=\"title-h2\">Subscribe <span class=\"light\">our Newsletter<\/span><\/div>\n<p>[\/vc_column_text]<div class=\"clearboth\"><\/div><div class=\"gem-divider \" style=\"margin-top: 15px;\"><\/div>[vc_column_text]<span style=\"display: inline-block; max-width: 600px; color: #3c3950;\">Lorem ipsum dolor sit ametcon sectetur adipisicing elit, sed doiusmod tempor incidi labore et dolore agna aliqua enim ad mini veniam, quis nostrud exercitation.<\/span>[\/vc_column_text][\/vc_column_inner][vc_column_inner width=&#8221;1\/3&#8243;][vc_column_text][yikes-mailchimp form=&#8221;1&#8243;][\/vc_column_text]<div class=\"clearboth\"><\/div><div class=\"gem-divider \" style=\"margin-top: -30px;\"><\/div>[vc_column_text]<\/p>\n<div class=\"small-body\"><span style=\"color: #1f1f1f;\">* Personal data will be encrypted<\/span><\/div>\n<p>[\/vc_column_text][\/vc_column_inner][\/vc_row_inner]<\/div><\/div><\/div><div id=\"fullwidth-block-69fbdf5801630\" class=\"fullwidth-block clearfix\"  style=\"padding-top: 160px;padding-bottom: 135px;\"><script type=\"text\/javascript\">if (typeof(gem_fix_fullwidth_position) == \"function\") { gem_fix_fullwidth_position(document.getElementById(\"fullwidth-block-69fbdf5801630\")); }<\/script><div class=\"fullwidth-block-inner\"><div class=\"container\">[vc_column_text]<\/p>\n<div class=\"title-h2\" style=\"text-align: center; margin-bottom: 20px;\">ACOMPANHE-NOS<\/div>\n<div style=\"width: 55px; height: 3px; background: #fbc300; margin: 0 auto; text-indent: 9999px;\">1<\/div>\n<p>[\/vc_column_text]<div class=\"clearboth\"><\/div><div class=\"gem-divider \" style=\"margin-top: 40px;\"><\/div>[vc_column_text]<\/p>\n<div class=\"title-h5\" style=\"text-align: center; position: relative; max-width: 760px; margin: 0 auto;\"><span class=\"light\" style=\"color: #5f727f;\">SIGA-NOS NAS REDES SOCIAIS<\/span><\/div>\n<p>[\/vc_column_text]<div class=\"clearboth\"><\/div><div class=\"gem-divider \" style=\"margin-top: 90px;\"><\/div><div class=\"socials socials-list socials-colored-hover socials-rounded socials-alignment-center\"><a class=\"socials-item\" target=\"_blank\" href=\"#\" style=\"color: #3c3950;\"><i class=\"socials-item-icon facebook\" style=\"font-size: 32px\"><\/i><\/a><a class=\"socials-item\" target=\"_blank\" href=\"#\" style=\"color: #3c3950;\"><i class=\"socials-item-icon twitter\" style=\"font-size: 32px\"><\/i><\/a><a class=\"socials-item\" target=\"_blank\" href=\"#\" style=\"color: #3c3950;\"><i class=\"socials-item-icon googleplus\" style=\"font-size: 32px\"><\/i><\/a><a class=\"socials-item\" target=\"_blank\" href=\"#\" style=\"color: #3c3950;\"><i class=\"socials-item-icon pinterest\" style=\"font-size: 32px\"><\/i><\/a><a class=\"socials-item\" target=\"_blank\" href=\"#\" style=\"color: #3c3950;\"><i class=\"socials-item-icon instagram\" style=\"font-size: 32px\"><\/i><\/a><a class=\"socials-item\" target=\"_blank\" href=\"#\" style=\"color: #3c3950;\"><i class=\"socials-item-icon vimeo\" style=\"font-size: 32px\"><\/i><\/a><a class=\"socials-item\" target=\"_blank\" href=\"#\" style=\"color: #3c3950;\"><i class=\"socials-item-icon youtube\" style=\"font-size: 32px\"><\/i><\/a><a class=\"socials-item\" target=\"_blank\" href=\"#\" style=\"color: #3c3950;\"><i class=\"socials-item-icon linkedin\" style=\"font-size: 32px\"><\/i><\/a><\/div><\/div><\/div><\/div>[\/vc_column][\/vc_row]<\/p>\n","protected":false},"excerpt":{"rendered":"<p>[vc_row full_width=&#8221;stretch_row&#8221; css=&#8221;.vc_custom_1583319302759{margin-top: 0px !important;margin-bottom: 0px !important;padding-top: 100px !important;padding-bottom: 70px !important;background-color: #eaeaea !important;background-position: center !important;background-repeat: no-repeat !important;background-size: cover !important;}&#8221;][vc_column css=&#8221;.vc_custom_1511274007858{margin-bottom:&#8230;<\/p>\n","protected":false},"author":1,"featured_media":0,"parent":1661,"menu_order":2060,"comment_status":"closed","ping_status":"closed","template":"","meta":[],"_links":{"self":[{"href":"https:\/\/espaco7rios.com\/en\/wp-json\/wp\/v2\/pages\/1610"}],"collection":[{"href":"https:\/\/espaco7rios.com\/en\/wp-json\/wp\/v2\/pages"}],"about":[{"href":"https:\/\/espaco7rios.com\/en\/wp-json\/wp\/v2\/types\/page"}],"author":[{"embeddable":true,"href":"https:\/\/espaco7rios.com\/en\/wp-json\/wp\/v2\/users\/1"}],"replies":[{"embeddable":true,"href":"https:\/\/espaco7rios.com\/en\/wp-json\/wp\/v2\/comments?post=1610"}],"version-history":[{"count":3,"href":"https:\/\/espaco7rios.com\/en\/wp-json\/wp\/v2\/pages\/1610\/revisions"}],"predecessor-version":[{"id":1614,"href":"https:\/\/espaco7rios.com\/en\/wp-json\/wp\/v2\/pages\/1610\/revisions\/1614"}],"up":[{"embeddable":true,"href":"https:\/\/espaco7rios.com\/en\/wp-json\/wp\/v2\/pages\/1661"}],"wp:attachment":[{"href":"https:\/\/espaco7rios.com\/en\/wp-json\/wp\/v2\/media?parent=1610"}],"curies":[{"name":"wp","href":"https:\/\/api.w.org\/{rel}","templated":true}]}}